{"id":415,"date":"2015-11-17T04:19:36","date_gmt":"2015-11-17T04:19:36","guid":{"rendered":"http:\/\/logistics.stylemixthemes.com\/\/?page_id=415"},"modified":"2022-07-03T14:33:27","modified_gmt":"2022-07-03T22:33:27","slug":"acerca-de-nosotros","status":"publish","type":"page","link":"https:\/\/logisticasiles.com\/en\/acerca-de-nosotros\/","title":{"rendered":"Acerca de Nosotros"},"content":{"rendered":"<div class=\"vc_row wpb_row vc_row-fluid vc_custom_1448604362911\"><div class=\"wpb_column vc_column_container vc_col-sm-12 vc_col-lg-9 vc_col-md-9\"><div class=\"vc_column-inner\"><div class=\"wpb_wrapper\"><div class=\"vc_row wpb_row vc_inner vc_row-fluid vc_custom_1449140720718\"><div class=\"wpb_column vc_column_container vc_col-sm-12 vc_hidden-xs\"><div class=\"vc_column-inner vc_custom_1449140656921\"><div class=\"wpb_wrapper\"><div class=\"wpb_revslider_element wpb_content_element\">\n\t\t\t<!-- START About Us Slider 1 REVOLUTION SLIDER 6.5.5 --><p class=\"rs-p-wp-fix\"><\/p>\n\t\t\t<rs-module-wrap id=\"rev_slider_4_1_wrapper\" data-source=\"gallery\" style=\"visibility:hidden;background:transparent;padding:0;margin:0px auto;margin-top:0;margin-bottom:0;max-width:;\">\n\t\t\t\t<rs-module id=\"rev_slider_4_1\" style=\"\" data-version=\"6.5.5\">\n\t\t\t\t\t<rs-slides>\n\t\t\t\t\t\t<rs-slide style=\"position: absolute;\" data-key=\"rs-12\" data-title=\"Slide\" data-thumb=\"\/\/logisticasiles.com\/wp-content\/uploads\/2021\/12\/entrega-1024x535-100x50.jpg\" data-in=\"o:0;\" data-out=\"a:false;\">\n\t\t\t\t\t\t\t<img decoding=\"async\" src=\"\/\/logisticasiles.com\/wp-content\/plugins\/revslider\/public\/assets\/assets\/dummy.png\" title=\"entrega\" width=\"1024\" height=\"535\" class=\"rev-slidebg tp-rs-img rs-lazyload\" data-lazyload=\"\/\/logisticasiles.com\/wp-content\/uploads\/2021\/12\/entrega-1024x535.jpg\" data-no-retina>\n<!--\n\t\t\t\t\t\t\t--><rs-layer\n\t\t\t\t\t\t\t\tid=\"slider-4-slide-12-layer-2\" \n\t\t\t\t\t\t\t\tclass=\"STM-Text\"\n\t\t\t\t\t\t\t\tdata-type=\"text\"\n\t\t\t\t\t\t\t\tdata-color=\"#000000\"\n\t\t\t\t\t\t\t\tdata-rsp_ch=\"on\"\n\t\t\t\t\t\t\t\tdata-xy=\"x:80px;y:103px;\"\n\t\t\t\t\t\t\t\tdata-text=\"s:15;l:15;ls:0px;fw:700;\"\n\t\t\t\t\t\t\t\tdata-dim=\"w:403px;minh:0px;\"\n\t\t\t\t\t\t\t\tdata-frame_1=\"e:power2.inOut;st:500;\"\n\t\t\t\t\t\t\t\tdata-frame_999=\"o:0;e:nothing;st:w;\"\n\t\t\t\t\t\t\t\tstyle=\"z-index:8;font-family:'Roboto Mono';\"\n\t\t\t\t\t\t\t>Nos mantenemos profesionales y\npragmaticos y <br\/>encontramos\nmejores soluciones \n\t\t\t\t\t\t\t<\/rs-layer><!--\n\n\t\t\t\t\t\t\t--><rs-layer\n\t\t\t\t\t\t\t\tid=\"slider-4-slide-12-layer-3\" \n\t\t\t\t\t\t\t\tclass=\"STM-Text\"\n\t\t\t\t\t\t\t\tdata-type=\"text\"\n\t\t\t\t\t\t\t\tdata-color=\"rgba(64,64,64,1)\"\n\t\t\t\t\t\t\t\tdata-rsp_ch=\"on\"\n\t\t\t\t\t\t\t\tdata-xy=\"x:87px;y:162px;\"\n\t\t\t\t\t\t\t\tdata-text=\"s:14;l:14;fw:700;\"\n\t\t\t\t\t\t\t\tdata-frame_1=\"e:power2.inOut;st:500;\"\n\t\t\t\t\t\t\t\tdata-frame_999=\"o:0;e:nothing;st:w;\"\n\t\t\t\t\t\t\t\tstyle=\"z-index:9;font-family:'Roboto';\"\n\t\t\t\t\t\t\t>CRISTOBAL LEDESMA  \n\t\t\t\t\t\t\t<\/rs-layer><!--\n\n\t\t\t\t\t\t\t--><rs-layer\n\t\t\t\t\t\t\t\tid=\"slider-4-slide-12-layer-4\" \n\t\t\t\t\t\t\t\tclass=\"STM-Text\"\n\t\t\t\t\t\t\t\tdata-type=\"text\"\n\t\t\t\t\t\t\t\tdata-color=\"rgba(128,128,128,1)\"\n\t\t\t\t\t\t\t\tdata-rsp_ch=\"on\"\n\t\t\t\t\t\t\t\tdata-xy=\"x:89px;y:183px;\"\n\t\t\t\t\t\t\t\tdata-text=\"s:14;l:14;\"\n\t\t\t\t\t\t\t\tdata-frame_1=\"e:power2.inOut;st:500;\"\n\t\t\t\t\t\t\t\tdata-frame_999=\"o:0;e:nothing;st:w;\"\n\t\t\t\t\t\t\t\tstyle=\"z-index:10;font-family:'Roboto';\"\n\t\t\t\t\t\t\t>FUNDADOR Y CEO  \n\t\t\t\t\t\t\t<\/rs-layer><!--\n\n\t\t\t\t\t\t\t--><rs-layer\n\t\t\t\t\t\t\t\tid=\"slider-4-slide-12-layer-5\" \n\t\t\t\t\t\t\t\tdata-type=\"text\"\n\t\t\t\t\t\t\t\tdata-color=\"rgba(255,255,255,1)\"\n\t\t\t\t\t\t\t\tdata-rsp_ch=\"on\"\n\t\t\t\t\t\t\t\tdata-xy=\"x:10px;y:66px;\"\n\t\t\t\t\t\t\t\tdata-text=\"l:22;\"\n\t\t\t\t\t\t\t\tdata-frame_1=\"e:power2.inOut;st:500;\"\n\t\t\t\t\t\t\t\tdata-frame_999=\"o:0;e:nothing;st:w;\"\n\t\t\t\t\t\t\t\tstyle=\"z-index:11;font-family:'Roboto';\"\n\t\t\t\t\t\t\t><span class=\"stm-testimonial secondary_font_color\" style=\"font-size: 75px;\"><\/span> \n\t\t\t\t\t\t\t<\/rs-layer><!--\n-->\t\t\t\t\t\t<\/rs-slide>\n\t\t\t\t\t\t<rs-slide style=\"position: absolute;\" data-key=\"rs-13\" data-title=\"Slide\" data-thumb=\"\/\/logisticasiles.com\/wp-content\/uploads\/2021\/12\/m-1-864x1536-100x50.jpg\" data-in=\"o:0;\" data-out=\"a:false;\">\n\t\t\t\t\t\t\t<img decoding=\"async\" src=\"\/\/logisticasiles.com\/wp-content\/plugins\/revslider\/public\/assets\/assets\/dummy.png\" title=\"m (1)\" width=\"864\" height=\"1536\" class=\"rev-slidebg tp-rs-img rs-lazyload\" data-lazyload=\"\/\/logisticasiles.com\/wp-content\/uploads\/2021\/12\/m-1-864x1536.jpg\" data-no-retina>\n<!--\n\t\t\t\t\t\t\t--><rs-layer\n\t\t\t\t\t\t\t\tid=\"slider-4-slide-13-layer-2\" \n\t\t\t\t\t\t\t\tclass=\"STM-Text\"\n\t\t\t\t\t\t\t\tdata-type=\"text\"\n\t\t\t\t\t\t\t\tdata-color=\"rgba(0, 0, 0, 0.89)\"\n\t\t\t\t\t\t\t\tdata-rsp_ch=\"on\"\n\t\t\t\t\t\t\t\tdata-xy=\"x:152px;y:140px;\"\n\t\t\t\t\t\t\t\tdata-text=\"s:18;l:36;fw:900;\"\n\t\t\t\t\t\t\t\tdata-frame_1=\"e:power2.inOut;st:500;\"\n\t\t\t\t\t\t\t\tdata-frame_999=\"o:0;e:nothing;st:w;\"\n\t\t\t\t\t\t\t\tstyle=\"z-index:6;font-family:'Roboto';font-style:italic;\"\n\t\t\t\t\t\t\t>La entrega de tus envios de forma segura  \n\t\t\t\t\t\t\t<\/rs-layer><!--\n\n\t\t\t\t\t\t\t--><rs-layer\n\t\t\t\t\t\t\t\tid=\"slider-4-slide-13-layer-3\" \n\t\t\t\t\t\t\t\tclass=\"STM-Text\"\n\t\t\t\t\t\t\t\tdata-type=\"text\"\n\t\t\t\t\t\t\t\tdata-color=\"#000000\"\n\t\t\t\t\t\t\t\tdata-rsp_ch=\"on\"\n\t\t\t\t\t\t\t\tdata-xy=\"x:160px;y:192px;\"\n\t\t\t\t\t\t\t\tdata-text=\"s:14;l:14;fw:700;\"\n\t\t\t\t\t\t\t\tdata-frame_1=\"e:power2.inOut;st:500;\"\n\t\t\t\t\t\t\t\tdata-frame_999=\"o:0;e:nothing;st:w;\"\n\t\t\t\t\t\t\t\tstyle=\"z-index:7;font-family:'Roboto';\"\n\t\t\t\t\t\t\t>CRISTOBAL LEDESMA  \n\t\t\t\t\t\t\t<\/rs-layer><!--\n\n\t\t\t\t\t\t\t--><rs-layer\n\t\t\t\t\t\t\t\tid=\"slider-4-slide-13-layer-4\" \n\t\t\t\t\t\t\t\tclass=\"STM-Text\"\n\t\t\t\t\t\t\t\tdata-type=\"text\"\n\t\t\t\t\t\t\t\tdata-color=\"#000000\"\n\t\t\t\t\t\t\t\tdata-rsp_ch=\"on\"\n\t\t\t\t\t\t\t\tdata-xy=\"x:160px;y:216px;\"\n\t\t\t\t\t\t\t\tdata-text=\"s:14;l:14;fw:500;\"\n\t\t\t\t\t\t\t\tdata-frame_1=\"e:power2.inOut;st:500;\"\n\t\t\t\t\t\t\t\tdata-frame_999=\"o:0;e:nothing;st:w;\"\n\t\t\t\t\t\t\t\tstyle=\"z-index:8;font-family:'Roboto';\"\n\t\t\t\t\t\t\t>Fouder & CEO \n\t\t\t\t\t\t\t<\/rs-layer><!--\n\n\t\t\t\t\t\t\t--><rs-layer\n\t\t\t\t\t\t\t\tid=\"slider-4-slide-13-layer-5\" \n\t\t\t\t\t\t\t\tdata-type=\"text\"\n\t\t\t\t\t\t\t\tdata-color=\"rgba(255,255,255,1)\"\n\t\t\t\t\t\t\t\tdata-rsp_ch=\"on\"\n\t\t\t\t\t\t\t\tdata-xy=\"x:83px;y:89px;\"\n\t\t\t\t\t\t\t\tdata-text=\"l:22;\"\n\t\t\t\t\t\t\t\tdata-frame_1=\"e:power2.inOut;st:500;\"\n\t\t\t\t\t\t\t\tdata-frame_999=\"o:0;e:nothing;st:w;\"\n\t\t\t\t\t\t\t\tstyle=\"z-index:5;font-family:'Roboto';\"\n\t\t\t\t\t\t\t><span class=\"stm-testimonial secondary_font_color\" style=\"font-size: 75px;\"><\/span> \n\t\t\t\t\t\t\t<\/rs-layer><!--\n-->\t\t\t\t\t\t<\/rs-slide>\n\t\t\t\t\t<\/rs-slides>\n\t\t\t\t<\/rs-module>\n\t\t\t\t<script type=\"text\/javascript\">\n\t\t\t\t\tsetREVStartSize({c: 'rev_slider_4_1',rl:[1240,1024,778,480],el:[340],gw:[825],gh:[340],type:'standard',justify:'',layout:'fullwidth',mh:\"0\"});if (window.RS_MODULES!==undefined && window.RS_MODULES.modules!==undefined && window.RS_MODULES.modules[\"revslider41\"]!==undefined) {window.RS_MODULES.modules[\"revslider41\"].once = false;window.revapi4 = undefined;window.RS_MODULES.checkMinimal()}\n\t\t\t\t<\/script>\n\t\t\t<\/rs-module-wrap>\n\t\t\t<!-- END REVOLUTION SLIDER -->\n<\/div><\/div><\/div><\/div><\/div>\n\t<div class=\"wpb_text_column wpb_content_element  vc_custom_1637611692660\" >\n\t\t<div class=\"wpb_wrapper\">\n\t\t\t<h2>SOMOS LOGISTICA SILES!<\/h2>\n<p>Nuestro modelo flexible de trabajo, que utiliza solo transportistas de calidad, significa que se beneficiar\u00e1 de niveles de servicio mejorados, mayor flexibilidad y entregas con plazos definidos. Nuestra experiencia en la gesti\u00f3n y planificaci\u00f3n del transporte nos permite dise\u00f1ar una soluci\u00f3n que satisfaga sus necesidades y tambi\u00e9n responder r\u00e1pidamente a cualquier interrupci\u00f3n de eventos, como el clima.<\/p>\n<p>Redes viales integradas, que cubren el mundo. A trav\u00e9s de nuestra red global de torres de control y tecnolog\u00eda de punta, podemos monitorear y reaccionar din\u00e1micamente ante situaciones tales como clima adverso, recogidas o devoluciones adicionales o tr\u00e1fico pesado, lo que significa que sus mercanc\u00edas siempre est\u00e1n viajando. la ruta m\u00e1s eficiente.<\/p>\n<p>Nuestra red de carreteras no basada en activos le brinda flexibilidad, niveles de servicio mejorados, entrega acelerada, costos directos e indirectos reducidos y mucha menos complejidad.<\/p>\n<h2>NUESTRA MISION<\/h2>\n\n\t\t<\/div>\n\t<\/div>\n<div class=\"vc_row wpb_row vc_inner vc_row-fluid vc_custom_1448605934156\"><div class=\"wpb_column vc_column_container vc_col-sm-6\"><div class=\"vc_column-inner\"><div class=\"wpb_wrapper\">\n\t<div class=\"wpb_text_column wpb_content_element  vc_custom_1637613448155\" >\n\t\t<div class=\"wpb_wrapper\">\n\t\t\t<ul class=\"style_3\">\n<li>Brindar servicios al cliente ambientalmente responsables<\/li>\n<li>Proveer a los empleados un entorno de trabajo atractivo<\/li>\n<li>Mantener altos est\u00e1ndares \u00e9ticos<\/li>\n<li>Impulsar la mejora continua<\/li>\n<\/ul>\n\n\t\t<\/div>\n\t<\/div>\n<\/div><\/div><\/div><div class=\"wpb_column vc_column_container vc_col-sm-6\"><div class=\"vc_column-inner\"><div class=\"wpb_wrapper\">\n\t<div class=\"wpb_text_column wpb_content_element\" >\n\t\t<div class=\"wpb_wrapper\">\n\t\t\t<ul class=\"style_3\">\n<li>Seguridad de la carga<\/li>\n<li>Seguro de carga area y terrestre<\/li>\n<li>Nuestra agencia de aduanas altamente eficiente<\/li>\n<li>Servicio de despacho y cumplimiento<\/li>\n<li>Garantizamos total seguridad<\/li>\n<\/ul>\n\n\t\t<\/div>\n\t<\/div>\n<\/div><\/div><\/div><\/div><h2 style=\"text-align: left\" class=\"vc_custom_heading\" >Nuestros clientes<\/h2>\n<div class=\"vc_image_carousel_wr vc_custom_1637611802437 grayscale\">\n\t<div class=\"vc_image_carousel\" id=\"owl-69fb60fb95fa0\">\n\t\t\t\t\t\t\t\t<div class=\"item\">\n\t\t\t\t<img decoding=\"async\" width=\"225\" height=\"225\" src=\"https:\/\/logisticasiles.com\/wp-content\/uploads\/2021\/11\/descarga.png\" class=\"attachment-full\" alt=\"\" srcset=\"https:\/\/logisticasiles.com\/wp-content\/uploads\/2021\/11\/descarga.png 225w, https:\/\/logisticasiles.com\/wp-content\/uploads\/2021\/11\/descarga-150x150.png 150w, https:\/\/logisticasiles.com\/wp-content\/uploads\/2021\/11\/descarga-130x130.png 130w, https:\/\/logisticasiles.com\/wp-content\/uploads\/2021\/11\/descarga-40x40.png 40w\" sizes=\"(max-width: 225px) 100vw, 225px\" \/>\t\t\t<\/div>\n\t\t\t\t\t\t\t\t<div class=\"item\">\n\t\t\t\t<img decoding=\"async\" width=\"370\" height=\"143\" src=\"https:\/\/logisticasiles.com\/wp-content\/uploads\/2021\/11\/pic_ALMACENADORA-OPLAN-S-DE-RL-DE-CV_764126_large.jpg\" class=\"attachment-full\" alt=\"\" srcset=\"https:\/\/logisticasiles.com\/wp-content\/uploads\/2021\/11\/pic_ALMACENADORA-OPLAN-S-DE-RL-DE-CV_764126_large.jpg 370w, https:\/\/logisticasiles.com\/wp-content\/uploads\/2021\/11\/pic_ALMACENADORA-OPLAN-S-DE-RL-DE-CV_764126_large-300x116.jpg 300w\" sizes=\"(max-width: 370px) 100vw, 370px\" \/>\t\t\t<\/div>\n\t\t\t\t\t\t\t\t<div class=\"item\">\n\t\t\t\t<img decoding=\"async\" width=\"1302\" height=\"600\" src=\"https:\/\/logisticasiles.com\/wp-content\/uploads\/2021\/11\/SHIPCLICK-LOGO-COLOR-1.png\" class=\"attachment-full\" alt=\"\" srcset=\"https:\/\/logisticasiles.com\/wp-content\/uploads\/2021\/11\/SHIPCLICK-LOGO-COLOR-1.png 1302w, https:\/\/logisticasiles.com\/wp-content\/uploads\/2021\/11\/SHIPCLICK-LOGO-COLOR-1-300x138.png 300w, https:\/\/logisticasiles.com\/wp-content\/uploads\/2021\/11\/SHIPCLICK-LOGO-COLOR-1-1024x472.png 1024w, https:\/\/logisticasiles.com\/wp-content\/uploads\/2021\/11\/SHIPCLICK-LOGO-COLOR-1-768x354.png 768w\" sizes=\"(max-width: 1302px) 100vw, 1302px\" \/>\t\t\t<\/div>\n\t\t\t\t\t\t\t\t<div class=\"item\">\n\t\t\t\t<img decoding=\"async\" width=\"288\" height=\"85\" src=\"https:\/\/logisticasiles.com\/wp-content\/uploads\/2021\/11\/LogoHeader.png\" class=\"attachment-full\" alt=\"\" \/>\t\t\t<\/div>\n\t\t\t\t\t\t\t\t<div class=\"item\">\n\t\t\t\t<img decoding=\"async\" width=\"200\" height=\"200\" src=\"https:\/\/logisticasiles.com\/wp-content\/uploads\/2021\/11\/1592353157751.jpg\" class=\"attachment-full\" alt=\"\" srcset=\"https:\/\/logisticasiles.com\/wp-content\/uploads\/2021\/11\/1592353157751.jpg 200w, https:\/\/logisticasiles.com\/wp-content\/uploads\/2021\/11\/1592353157751-150x150.jpg 150w, https:\/\/logisticasiles.com\/wp-content\/uploads\/2021\/11\/1592353157751-130x130.jpg 130w, https:\/\/logisticasiles.com\/wp-content\/uploads\/2021\/11\/1592353157751-40x40.jpg 40w\" sizes=\"(max-width: 200px) 100vw, 200px\" \/>\t\t\t<\/div>\n\t\t\t\t\t\t\t\t<div class=\"item\">\n\t\t\t\t<img decoding=\"async\" width=\"200\" height=\"200\" src=\"https:\/\/logisticasiles.com\/wp-content\/uploads\/2021\/11\/1519880129308.png\" class=\"attachment-full\" alt=\"\" srcset=\"https:\/\/logisticasiles.com\/wp-content\/uploads\/2021\/11\/1519880129308.png 200w, https:\/\/logisticasiles.com\/wp-content\/uploads\/2021\/11\/1519880129308-150x150.png 150w, https:\/\/logisticasiles.com\/wp-content\/uploads\/2021\/11\/1519880129308-130x130.png 130w, https:\/\/logisticasiles.com\/wp-content\/uploads\/2021\/11\/1519880129308-40x40.png 40w\" sizes=\"(max-width: 200px) 100vw, 200px\" \/>\t\t\t<\/div>\n\t\t\t<\/div>\n\t<script type=\"text\/javascript\">\n\t\tjQuery(document).ready(function ($) {\n\t\t\t$(\"#owl-69fb60fb95fa0\").owlCarousel({\n\t\t\t\t\t\t\t\tautoplay: true,\n\t\t\t\t\t\t\t\tdots: false,\n\t\t\t\t\t\t\t\tautoplayTimeout: 5000,\n\t\t\t\tsmartSpeed: 250,\n\t\t\t\tresponsive: {\n\t\t\t\t\t0: {\n\t\t\t\t\t\titems: 2\t\t\t\t\t},\n\t\t\t\t\t768: {\n\t\t\t\t\t\titems: 4\t\t\t\t\t},\n\t\t\t\t\t980: {\n\t\t\t\t\t\titems: 5\t\t\t\t\t},\n\t\t\t\t\t1199: {\n\t\t\t\t\t\titems: 5\t\t\t\t\t}\n\t\t\t\t}\n\t\t\t});\n\t\t});\n\t<\/script>\n<\/div>\n\t<div class=\"wpb_text_column wpb_content_element\" >\n\t\t<div class=\"wpb_wrapper\">\n\t\t\t<p>Aun tienes dudas? \u00a0 \u00a0 <a class=\"button icon_right size-sm\" href=\"https:\/\/logisticasiles.com\/en\/contacto\/\">PREGUNTA AHORA<\/a><\/p>\n\n\t\t<\/div>\n\t<\/div>\n<\/div><\/div><\/div><div class=\"wpb_column vc_column_container vc_col-sm-3 vc_hidden-lg vc_hidden-md vc_hidden-sm vc_hidden-xs\"><div class=\"vc_column-inner\"><div class=\"wpb_wrapper\"><\/div><\/div><\/div><\/div><div data-vc-full-width=\"true\" data-vc-full-width-init=\"false\" class=\"vc_row wpb_row vc_row-fluid secondary_bg_color vc_custom_1447734480631\"><div class=\"wpb_column vc_column_container vc_col-sm-12\"><div class=\"vc_column-inner\"><div class=\"wpb_wrapper\"><section class=\"vc_cta3-container\"><div class=\"vc_general vc_cta3 secondary_bg_color vc_cta3-style-classic vc_cta3-shape-square vc_cta3-align-left vc_cta3-color-classic vc_cta3-icon-size-md vc_cta3-actions-right\"><div class=\"vc_cta3_content-container\"><div class=\"vc_cta3-content\"><header class=\"vc_cta3-content-header\"><h2>\u00bfNo est\u00e1 seguro de qu\u00e9 soluci\u00f3n se adapta a las necesidades de su negocio?<\/h2><\/header><\/div><div class=\"vc_cta3-actions\"><div class=\"vc_btn3-container vc_btn3-inline\" ><a class=\"vc_general vc_btn3 vc_btn3-size-md vc_btn3-shape-round vc_btn3-style-outline vc_btn3-icon-right vc_btn3-color-white\" href=\"https:\/\/logisticasiles.com\/en\/contacto\/\" title=\"Contacto\">Cont\u00e1ctanos <i class=\"vc_btn3-icon stm-arrow-next\"><\/i><\/a><\/div><\/div><\/div><\/div><\/section><\/div><\/div><\/div><\/div><div class=\"vc_row-full-width\"><\/div>","protected":false},"excerpt":{"rendered":"Nos mantenemos profesionales y pragmaticos y encontramos mejores soluciones CRISTOBAL LEDESMA FUNDADOR Y CEO La entrega de tus envios de forma segura CRISTOBAL LEDESMA Fouder & CEO SOMOS LOGISTICA SILES! Nuestro modelo flexible...","protected":false},"author":1,"featured_media":0,"parent":0,"menu_order":0,"comment_status":"closed","ping_status":"closed","template":"","meta":{"_mi_skip_tracking":false,"_monsterinsights_sitenote_active":false,"_monsterinsights_sitenote_note":"","_monsterinsights_sitenote_category":0,"footnotes":""},"class_list":["post-415","page","type-page","status-publish","hentry"],"yoast_head":"<!-- This site is optimized with the Yoast SEO plugin v27.5 - https:\/\/yoast.com\/product\/yoast-seo-wordpress\/ -->\n<title>Servicio de Fletes en Baja California<\/title>\n<meta name=\"description\" content=\"Servicio de fletes, cruces fronterizos, repartos y logistica en Tijuana, todo M\u00e9xico y USA.\" \/>\n<meta name=\"robots\" content=\"index, follow, max-snippet:-1, max-image-preview:large, max-video-preview:-1\" \/>\n<link rel=\"canonical\" href=\"https:\/\/logisticasiles.com\/en\/acerca-de-nosotros\/\" \/>\n<meta property=\"og:locale\" content=\"en_US\" \/>\n<meta property=\"og:type\" content=\"article\" \/>\n<meta property=\"og:title\" content=\"Servicio de Fletes en Baja California\" \/>\n<meta property=\"og:description\" content=\"Servicio de fletes, cruces fronterizos, repartos y logistica en Tijuana, todo M\u00e9xico y USA.\" \/>\n<meta property=\"og:url\" content=\"https:\/\/logisticasiles.com\/en\/acerca-de-nosotros\/\" \/>\n<meta property=\"og:site_name\" content=\"LOGISTICA SILES\" \/>\n<meta property=\"article:modified_time\" content=\"2022-07-03T22:33:27+00:00\" \/>\n<meta name=\"twitter:card\" content=\"summary_large_image\" \/>\n<meta name=\"twitter:label1\" content=\"Est. reading time\" \/>\n\t<meta name=\"twitter:data1\" content=\"3 minutes\" \/>\n<script type=\"application\/ld+json\" class=\"yoast-schema-graph\">{\"@context\":\"https:\\\/\\\/schema.org\",\"@graph\":[{\"@type\":\"WebPage\",\"@id\":\"https:\\\/\\\/logisticasiles.com\\\/acerca-de-nosotros\\\/\",\"url\":\"https:\\\/\\\/logisticasiles.com\\\/acerca-de-nosotros\\\/\",\"name\":\"Servicio de Fletes en Baja California\",\"isPartOf\":{\"@id\":\"https:\\\/\\\/logisticasiles.com\\\/#website\"},\"datePublished\":\"2015-11-17T04:19:36+00:00\",\"dateModified\":\"2022-07-03T22:33:27+00:00\",\"description\":\"Servicio de fletes, cruces fronterizos, repartos y logistica en Tijuana, todo M\u00e9xico y USA.\",\"breadcrumb\":{\"@id\":\"https:\\\/\\\/logisticasiles.com\\\/acerca-de-nosotros\\\/#breadcrumb\"},\"inLanguage\":\"en-US\",\"potentialAction\":[{\"@type\":\"ReadAction\",\"target\":[\"https:\\\/\\\/logisticasiles.com\\\/acerca-de-nosotros\\\/\"]}]},{\"@type\":\"BreadcrumbList\",\"@id\":\"https:\\\/\\\/logisticasiles.com\\\/acerca-de-nosotros\\\/#breadcrumb\",\"itemListElement\":[{\"@type\":\"ListItem\",\"position\":1,\"name\":\"Inicio\",\"item\":\"https:\\\/\\\/logisticasiles.com\\\/\"},{\"@type\":\"ListItem\",\"position\":2,\"name\":\"Acerca de Nosotros\"}]},{\"@type\":\"WebSite\",\"@id\":\"https:\\\/\\\/logisticasiles.com\\\/#website\",\"url\":\"https:\\\/\\\/logisticasiles.com\\\/\",\"name\":\"LOGISTICA SILES\",\"description\":\"Servicio de fletes, cruces fronterizos, repartos y log\u00edstica en Tijuana, todo M\u00e9xico y USA.\",\"publisher\":{\"@id\":\"https:\\\/\\\/logisticasiles.com\\\/#organization\"},\"potentialAction\":[{\"@type\":\"SearchAction\",\"target\":{\"@type\":\"EntryPoint\",\"urlTemplate\":\"https:\\\/\\\/logisticasiles.com\\\/?s={search_term_string}\"},\"query-input\":{\"@type\":\"PropertyValueSpecification\",\"valueRequired\":true,\"valueName\":\"search_term_string\"}}],\"inLanguage\":\"en-US\"},{\"@type\":\"Organization\",\"@id\":\"https:\\\/\\\/logisticasiles.com\\\/#organization\",\"name\":\"Logistica SILES\",\"url\":\"https:\\\/\\\/logisticasiles.com\\\/\",\"logo\":{\"@type\":\"ImageObject\",\"inLanguage\":\"en-US\",\"@id\":\"https:\\\/\\\/logisticasiles.com\\\/#\\\/schema\\\/logo\\\/image\\\/\",\"url\":\"https:\\\/\\\/logisticasiles.com\\\/wp-content\\\/uploads\\\/2021\\\/10\\\/cropped-Siles2Web-1.gif\",\"contentUrl\":\"https:\\\/\\\/logisticasiles.com\\\/wp-content\\\/uploads\\\/2021\\\/10\\\/cropped-Siles2Web-1.gif\",\"width\":512,\"height\":512,\"caption\":\"Logistica SILES\"},\"image\":{\"@id\":\"https:\\\/\\\/logisticasiles.com\\\/#\\\/schema\\\/logo\\\/image\\\/\"}}]}<\/script>\n<!-- \/ Yoast SEO plugin. -->","yoast_head_json":{"title":"Servicio de Fletes en Baja California","description":"Servicio de fletes, cruces fronterizos, repartos y logistica en Tijuana, todo M\u00e9xico y USA.","robots":{"index":"index","follow":"follow","max-snippet":"max-snippet:-1","max-image-preview":"max-image-preview:large","max-video-preview":"max-video-preview:-1"},"canonical":"https:\/\/logisticasiles.com\/en\/acerca-de-nosotros\/","og_locale":"en_US","og_type":"article","og_title":"Servicio de Fletes en Baja California","og_description":"Servicio de fletes, cruces fronterizos, repartos y logistica en Tijuana, todo M\u00e9xico y USA.","og_url":"https:\/\/logisticasiles.com\/en\/acerca-de-nosotros\/","og_site_name":"LOGISTICA SILES","article_modified_time":"2022-07-03T22:33:27+00:00","twitter_card":"summary_large_image","twitter_misc":{"Est. reading time":"3 minutes"},"schema":{"@context":"https:\/\/schema.org","@graph":[{"@type":"WebPage","@id":"https:\/\/logisticasiles.com\/acerca-de-nosotros\/","url":"https:\/\/logisticasiles.com\/acerca-de-nosotros\/","name":"Servicio de Fletes en Baja California","isPartOf":{"@id":"https:\/\/logisticasiles.com\/#website"},"datePublished":"2015-11-17T04:19:36+00:00","dateModified":"2022-07-03T22:33:27+00:00","description":"Servicio de fletes, cruces fronterizos, repartos y logistica en Tijuana, todo M\u00e9xico y USA.","breadcrumb":{"@id":"https:\/\/logisticasiles.com\/acerca-de-nosotros\/#breadcrumb"},"inLanguage":"en-US","potentialAction":[{"@type":"ReadAction","target":["https:\/\/logisticasiles.com\/acerca-de-nosotros\/"]}]},{"@type":"BreadcrumbList","@id":"https:\/\/logisticasiles.com\/acerca-de-nosotros\/#breadcrumb","itemListElement":[{"@type":"ListItem","position":1,"name":"Inicio","item":"https:\/\/logisticasiles.com\/"},{"@type":"ListItem","position":2,"name":"Acerca de Nosotros"}]},{"@type":"WebSite","@id":"https:\/\/logisticasiles.com\/#website","url":"https:\/\/logisticasiles.com\/","name":"LOGISTICA SILES","description":"Servicio de fletes, cruces fronterizos, repartos y log\u00edstica en Tijuana, todo M\u00e9xico y USA.","publisher":{"@id":"https:\/\/logisticasiles.com\/#organization"},"potentialAction":[{"@type":"SearchAction","target":{"@type":"EntryPoint","urlTemplate":"https:\/\/logisticasiles.com\/?s={search_term_string}"},"query-input":{"@type":"PropertyValueSpecification","valueRequired":true,"valueName":"search_term_string"}}],"inLanguage":"en-US"},{"@type":"Organization","@id":"https:\/\/logisticasiles.com\/#organization","name":"Logistica SILES","url":"https:\/\/logisticasiles.com\/","logo":{"@type":"ImageObject","inLanguage":"en-US","@id":"https:\/\/logisticasiles.com\/#\/schema\/logo\/image\/","url":"https:\/\/logisticasiles.com\/wp-content\/uploads\/2021\/10\/cropped-Siles2Web-1.gif","contentUrl":"https:\/\/logisticasiles.com\/wp-content\/uploads\/2021\/10\/cropped-Siles2Web-1.gif","width":512,"height":512,"caption":"Logistica SILES"},"image":{"@id":"https:\/\/logisticasiles.com\/#\/schema\/logo\/image\/"}}]}},"_links":{"self":[{"href":"https:\/\/logisticasiles.com\/en\/wp-json\/wp\/v2\/pages\/415","targetHints":{"allow":["GET"]}}],"collection":[{"href":"https:\/\/logisticasiles.com\/en\/wp-json\/wp\/v2\/pages"}],"about":[{"href":"https:\/\/logisticasiles.com\/en\/wp-json\/wp\/v2\/types\/page"}],"author":[{"embeddable":true,"href":"https:\/\/logisticasiles.com\/en\/wp-json\/wp\/v2\/users\/1"}],"replies":[{"embeddable":true,"href":"https:\/\/logisticasiles.com\/en\/wp-json\/wp\/v2\/comments?post=415"}],"version-history":[{"count":21,"href":"https:\/\/logisticasiles.com\/en\/wp-json\/wp\/v2\/pages\/415\/revisions"}],"predecessor-version":[{"id":1644,"href":"https:\/\/logisticasiles.com\/en\/wp-json\/wp\/v2\/pages\/415\/revisions\/1644"}],"wp:attachment":[{"href":"https:\/\/logisticasiles.com\/en\/wp-json\/wp\/v2\/media?parent=415"}],"curies":[{"name":"wp","href":"https:\/\/api.w.org\/{rel}","templated":true}]}}