{"id":899,"date":"2015-12-02T10:34:15","date_gmt":"2015-12-02T10:34:15","guid":{"rendered":"http:\/\/logistics.stylemixthemes.com\/\/?page_id=899"},"modified":"2022-07-03T14:35:03","modified_gmt":"2022-07-03T22:35:03","slug":"cotizaciones","status":"publish","type":"page","link":"https:\/\/logisticasiles.com\/en\/cotizaciones\/","title":{"rendered":"Solicita una Cotizacion"},"content":{"rendered":"<div class=\"vc_row wpb_row vc_row-fluid vc_custom_1638899978242\"><div class=\"wpb_column vc_column_container vc_col-sm-12\"><div class=\"vc_column-inner\"><div class=\"wpb_wrapper\"><h3 style=\"text-align: left\" class=\"vc_custom_heading\" >Contactanos para asesorarte<\/h3>\n\t<div class=\"wpb_text_column wpb_content_element\" >\n\t\t<div class=\"wpb_wrapper\">\n\t\t\t<p>Estamos aqui para ayudarte y darte soporte de confianza.<\/p>\n\n\t\t<\/div>\n\t<\/div>\n\n<div class=\"wpcf7 no-js\" id=\"wpcf7-f208-o1\" lang=\"en-US\" dir=\"ltr\">\n<div class=\"screen-reader-response\"><p role=\"status\" aria-live=\"polite\" aria-atomic=\"true\"><\/p> <ul><\/ul><\/div>\n<form action=\"\/en\/wp-json\/wp\/v2\/pages\/899#wpcf7-f208-o1\" method=\"post\" class=\"wpcf7-form init\" aria-label=\"Contact form\" novalidate=\"novalidate\" data-status=\"init\" data-trp-original-action=\"\/en\/wp-json\/wp\/v2\/pages\/899#wpcf7-f208-o1\">\n<div style=\"display: none;\">\n<input type=\"hidden\" name=\"_wpcf7\" value=\"208\" \/>\n<input type=\"hidden\" name=\"_wpcf7_version\" value=\"5.8.1\" \/>\n<input type=\"hidden\" name=\"_wpcf7_locale\" value=\"en_US\" \/>\n<input type=\"hidden\" name=\"_wpcf7_unit_tag\" value=\"wpcf7-f208-o1\" \/>\n<input type=\"hidden\" name=\"_wpcf7_container_post\" value=\"0\" \/>\n<input type=\"hidden\" name=\"_wpcf7_posted_data_hash\" value=\"\" \/>\n<input type=\"hidden\" name=\"_wpcf7_recaptcha_response\" value=\"\" \/>\n<\/div>\n<div class=\"Solicite una cotizaci\u00f3n\">\n\t<div class=\"row\">\n\t\t<div class=\"col-lg-6 col-md-6 col-sm-6 col-xs-12\">\n\t\t\t<div class=\"input-group\">\n\t\t\t\t<p><span class=\"wpcf7-form-control-wrap\" data-name=\"freight_type\"><select class=\"wpcf7-form-control wpcf7-select\" aria-invalid=\"false\" name=\"freight_type\"><option value=\"\">Tipo de Carga<\/option><option value=\"Transporte Terrestre\">Transporte Terrestre<\/option><option value=\"Reparto Local\">Reparto Local<\/option><option value=\"Almacenamiento\">Almacenamiento<\/option><\/select><\/span>\n\t\t\t\t<\/p>\n\t\t\t<\/div>\n\t\t\t<div class=\"input-group\">\n\t\t\t\t<p><span class=\"wpcf7-form-control-wrap\" data-name=\"departure_city\"><input size=\"40\" class=\"wpcf7-form-control wpcf7-text wpcf7-validates-as-required\" aria-required=\"true\" aria-invalid=\"false\" placeholder=\"Ciudad de Origen\" value=\"\" type=\"text\" name=\"departure_city\" \/><\/span>\n\t\t\t\t<\/p>\n\t\t\t<\/div>\n\t\t\t<div class=\"input-group\">\n\t\t\t\t<p><span class=\"wpcf7-form-control-wrap\" data-name=\"delivery_city\"><input size=\"40\" class=\"wpcf7-form-control wpcf7-text\" aria-invalid=\"false\" placeholder=\"Ciudad de Destino\" value=\"\" type=\"text\" name=\"delivery_city\" \/><\/span>\n\t\t\t\t<\/p>\n\t\t\t<\/div>\n\t\t\t<div class=\"input-group\">\n\t\t\t\t<p><span class=\"wpcf7-form-control-wrap\" data-name=\"incoterms\"><select class=\"wpcf7-form-control wpcf7-select\" aria-invalid=\"false\" name=\"incoterms\"><option value=\"\">Incoterms<\/option><option value=\"EXW\">EXW<\/option><option value=\"FCA\">FCA<\/option><option value=\"CPT\">CPT<\/option><option value=\"CIP\">CIP<\/option><option value=\"DAT\">DAT<\/option><option value=\"DAP\">DAP<\/option><option value=\"DDP\">DDP<\/option><option value=\"FAS\">FAS<\/option><option value=\"FOB\">FOB<\/option><option value=\"CFR\">CFR<\/option><option value=\"CIF\">CIF<\/option><\/select><\/span>\n\t\t\t\t<\/p>\n\t\t\t<\/div>\n\t\t\t<div class=\"input-group\">\n\t\t\t\t<p><span class=\"wpcf7-form-control-wrap\" data-name=\"total_weight\"><input size=\"40\" class=\"wpcf7-form-control wpcf7-text\" aria-invalid=\"false\" placeholder=\"Peso Bruto Total(KG)\" value=\"\" type=\"text\" name=\"total_weight\" \/><\/span>\n\t\t\t\t<\/p>\n\t\t\t<\/div>\n\t\t<\/div>\n\t\t<div class=\"col-lg-6 col-md-6 col-sm-6 col-xs-12\">\n\t\t\t<div class=\"input-group\">\n\t\t\t\t<p><span class=\"wpcf7-form-control-wrap\" data-name=\"dimension\"><input size=\"40\" class=\"wpcf7-form-control wpcf7-text\" aria-invalid=\"false\" placeholder=\"Dimensiones\" value=\"\" type=\"text\" name=\"dimension\" \/><\/span>\n\t\t\t\t<\/p>\n\t\t\t<\/div>\n\t\t\t<div class=\"input-group\">\n\t\t\t\t<p><span class=\"wpcf7-form-control-wrap\" data-name=\"email\"><input size=\"40\" class=\"wpcf7-form-control wpcf7-email wpcf7-validates-as-required wpcf7-text wpcf7-validates-as-email\" aria-required=\"true\" aria-invalid=\"false\" placeholder=\"Correo\" value=\"\" type=\"email\" name=\"email\" \/><\/span>\n\t\t\t\t<\/p>\n\t\t\t<\/div>\n\t\t\t<div class=\"input-group\">\n\t\t\t\t<p><span class=\"wpcf7-form-control-wrap\" data-name=\"message\"><textarea cols=\"40\" rows=\"10\" class=\"wpcf7-form-control wpcf7-textarea\" aria-invalid=\"false\" placeholder=\"Mensaje\" name=\"message\"><\/textarea><\/span>\n\t\t\t\t<\/p>\n\t\t\t<\/div>\n\t\t\t<div class=\"input-group\">\n\t\t\t\t<p><button class=\"button size-sm fullwidth green-text theme-wpcf7-submit\">enviar <i class=\"stm-arrow-next\"><\/i><\/button>\n\t\t\t\t<\/p>\n\t\t\t<\/div>\n\t\t<\/div>\n\t<\/div>\n<\/div><div class=\"wpcf7-response-output\" aria-hidden=\"true\"><\/div>\n<input type=\"hidden\" name=\"trp-form-language\" value=\"en\"\/><\/form>\n<\/div>\n<\/div><\/div><\/div><\/div><div data-vc-full-width=\"true\" data-vc-full-width-init=\"false\" data-vc-stretch-content=\"true\" class=\"vc_row wpb_row vc_row-fluid secondary_bg_color convert_to_table services_icons vc_custom_1449204239642 vc_row-no-padding\"><div class=\"wpb_column vc_column_container vc_col-sm-12 vc_col-lg-4 vc_col-md-4\"><div class=\"vc_column-inner vc_custom_1449204255225\"><div class=\"wpb_wrapper\">\n<div class=\"stm_icon center icon_position_top\">\n\t\t\t<div class=\"icon\" style=\"font-size: 67px; height: 90px; color: #ffffff;\">\n\t\t\t<i class=\"stm-security\"><\/i>\n\t\t<\/div>\n\t\t<div class=\"icon_text\">\n\t\t\t\t\t<div class=\"title\" style=\"font-size: 24px; font-weight: 700; color: #ffffff;\">\n\t\t\t\t\t\t\t\t\tSEGURO Y PROTEGIDO\t\t\t\t\t\t\t<\/div>\n\t\t\t\t\t\t\t<div class=\"text\" style=\"color: #ffffff;\">\n\t\t\t\t<p>Usted se beneficia de nuestra larga experiencia en el manejo de su mercanc\u00eda.<\/p>\n\t\t\t<\/div>\n\t\t\t<\/div>\n<\/div>\n<\/div><\/div><\/div><div class=\"wpb_column vc_column_container vc_col-sm-12 vc_col-lg-4 vc_col-md-4 vc_col-has-fill\"><div class=\"vc_column-inner vc_custom_1449204260881\"><div class=\"wpb_wrapper\">\n<div class=\"stm_icon center icon_position_top\">\n\t\t\t<div class=\"icon\" style=\"font-size: 67px; height: 90px; color: #ffffff;\">\n\t\t\t<i class=\"stm-fast-delivery\"><\/i>\n\t\t<\/div>\n\t\t<div class=\"icon_text\">\n\t\t\t\t\t<div class=\"title\" style=\"font-size: 24px; font-weight: 700; color: #ffffff;\">\n\t\t\t\t\t\t\t\t\tENTREGA RAPIDA\t\t\t\t\t\t\t<\/div>\n\t\t\t\t\t\t\t<div class=\"text\" style=\"color: #ffffff;\">\n\t\t\t\t<p>Usted se beneficia de todas las innovaciones, ya sea que se trate de una simple extensi\u00f3n de nuestros servicios de transporte, o ya sea que signifique un desarrollo en el almacenamiento<\/p>\n\t\t\t<\/div>\n\t\t\t<\/div>\n<\/div>\n<\/div><\/div><\/div><div class=\"wpb_column vc_column_container vc_col-sm-12 vc_col-lg-4 vc_col-md-4 vc_col-has-fill\"><div class=\"vc_column-inner vc_custom_1449204266169\"><div class=\"wpb_wrapper\">\n<div class=\"stm_icon center icon_position_top\">\n\t\t\t<div class=\"icon\" style=\"font-size: 67px; height: 90px; color: #ffffff;\">\n\t\t\t<i class=\"stm-support\"><\/i>\n\t\t<\/div>\n\t\t<div class=\"icon_text\">\n\t\t\t\t\t<div class=\"title\" style=\"font-size: 24px; font-weight: 700; color: #ffffff;\">\n\t\t\t\t\t\t\t\t\tSOPORTE 24\/7\t\t\t\t\t\t\t<\/div>\n\t\t\t\t\t\t\t<div class=\"text\" style=\"color: #ffffff;\">\n\t\t\t\t<p>Todo lo cual explica por qu\u00e9 encontrar\u00e1 que el equipo de soporte excepcional de LOGISTICA SILES est\u00e1 listo para aplicar su pasi\u00f3n por las soluciones en apoyo de su negocio.<\/p>\n\t\t\t<\/div>\n\t\t\t<\/div>\n<\/div>\n<\/div><\/div><\/div><\/div><div class=\"vc_row-full-width\"><\/div>","protected":false},"excerpt":{"rendered":"Contactanos para asesorarte Estamos aqui para ayudarte y darte soporte de confianza. Tipo de CargaTransporte TerrestreReparto LocalAlmacenamiento IncotermsEXWFCACPTCIPDATDAPDDPFASFOBCFRCIF enviar SEGURO Y PROTEGIDO Usted se beneficia de nuestra larga experiencia en el manejo de...","protected":false},"author":1,"featured_media":0,"parent":0,"menu_order":0,"comment_status":"closed","ping_status":"closed","template":"","meta":{"_mi_skip_tracking":false,"_monsterinsights_sitenote_active":false,"_monsterinsights_sitenote_note":"","_monsterinsights_sitenote_category":0,"footnotes":""},"class_list":["post-899","page","type-page","status-publish","hentry"],"yoast_head":"<!-- This site is optimized with the Yoast SEO plugin v27.5 - https:\/\/yoast.com\/product\/yoast-seo-wordpress\/ -->\n<title>Solicita una Cotizacion | LOGISTICA SILES<\/title>\n<meta name=\"robots\" content=\"index, follow, max-snippet:-1, max-image-preview:large, max-video-preview:-1\" \/>\n<link rel=\"canonical\" href=\"https:\/\/logisticasiles.com\/en\/cotizaciones\/\" \/>\n<meta property=\"og:locale\" content=\"en_US\" \/>\n<meta property=\"og:type\" content=\"article\" \/>\n<meta property=\"og:title\" content=\"Solicita una Cotizacion | LOGISTICA SILES\" \/>\n<meta property=\"og:url\" content=\"https:\/\/logisticasiles.com\/en\/cotizaciones\/\" \/>\n<meta property=\"og:site_name\" content=\"LOGISTICA SILES\" \/>\n<meta property=\"article:modified_time\" content=\"2022-07-03T22:35:03+00:00\" \/>\n<meta name=\"twitter:card\" content=\"summary_large_image\" \/>\n<meta name=\"twitter:label1\" content=\"Est. reading time\" \/>\n\t<meta name=\"twitter:data1\" content=\"2 minutes\" \/>\n<script type=\"application\/ld+json\" class=\"yoast-schema-graph\">{\"@context\":\"https:\\\/\\\/schema.org\",\"@graph\":[{\"@type\":\"WebPage\",\"@id\":\"https:\\\/\\\/logisticasiles.com\\\/cotizaciones\\\/\",\"url\":\"https:\\\/\\\/logisticasiles.com\\\/cotizaciones\\\/\",\"name\":\"Solicita una Cotizacion | LOGISTICA SILES\",\"isPartOf\":{\"@id\":\"https:\\\/\\\/logisticasiles.com\\\/#website\"},\"datePublished\":\"2015-12-02T10:34:15+00:00\",\"dateModified\":\"2022-07-03T22:35:03+00:00\",\"breadcrumb\":{\"@id\":\"https:\\\/\\\/logisticasiles.com\\\/cotizaciones\\\/#breadcrumb\"},\"inLanguage\":\"en-US\",\"potentialAction\":[{\"@type\":\"ReadAction\",\"target\":[\"https:\\\/\\\/logisticasiles.com\\\/cotizaciones\\\/\"]}]},{\"@type\":\"BreadcrumbList\",\"@id\":\"https:\\\/\\\/logisticasiles.com\\\/cotizaciones\\\/#breadcrumb\",\"itemListElement\":[{\"@type\":\"ListItem\",\"position\":1,\"name\":\"Inicio\",\"item\":\"https:\\\/\\\/logisticasiles.com\\\/\"},{\"@type\":\"ListItem\",\"position\":2,\"name\":\"Solicita una Cotizacion\"}]},{\"@type\":\"WebSite\",\"@id\":\"https:\\\/\\\/logisticasiles.com\\\/#website\",\"url\":\"https:\\\/\\\/logisticasiles.com\\\/\",\"name\":\"LOGISTICA SILES\",\"description\":\"Servicio de fletes, cruces fronterizos, repartos y log\u00edstica en Tijuana, todo M\u00e9xico y USA.\",\"publisher\":{\"@id\":\"https:\\\/\\\/logisticasiles.com\\\/#organization\"},\"potentialAction\":[{\"@type\":\"SearchAction\",\"target\":{\"@type\":\"EntryPoint\",\"urlTemplate\":\"https:\\\/\\\/logisticasiles.com\\\/?s={search_term_string}\"},\"query-input\":{\"@type\":\"PropertyValueSpecification\",\"valueRequired\":true,\"valueName\":\"search_term_string\"}}],\"inLanguage\":\"en-US\"},{\"@type\":\"Organization\",\"@id\":\"https:\\\/\\\/logisticasiles.com\\\/#organization\",\"name\":\"Logistica SILES\",\"url\":\"https:\\\/\\\/logisticasiles.com\\\/\",\"logo\":{\"@type\":\"ImageObject\",\"inLanguage\":\"en-US\",\"@id\":\"https:\\\/\\\/logisticasiles.com\\\/#\\\/schema\\\/logo\\\/image\\\/\",\"url\":\"https:\\\/\\\/logisticasiles.com\\\/wp-content\\\/uploads\\\/2021\\\/10\\\/cropped-Siles2Web-1.gif\",\"contentUrl\":\"https:\\\/\\\/logisticasiles.com\\\/wp-content\\\/uploads\\\/2021\\\/10\\\/cropped-Siles2Web-1.gif\",\"width\":512,\"height\":512,\"caption\":\"Logistica SILES\"},\"image\":{\"@id\":\"https:\\\/\\\/logisticasiles.com\\\/#\\\/schema\\\/logo\\\/image\\\/\"}}]}<\/script>\n<!-- \/ Yoast SEO plugin. -->","yoast_head_json":{"title":"Solicita una Cotizacion | LOGISTICA SILES","robots":{"index":"index","follow":"follow","max-snippet":"max-snippet:-1","max-image-preview":"max-image-preview:large","max-video-preview":"max-video-preview:-1"},"canonical":"https:\/\/logisticasiles.com\/en\/cotizaciones\/","og_locale":"en_US","og_type":"article","og_title":"Solicita una Cotizacion | LOGISTICA SILES","og_url":"https:\/\/logisticasiles.com\/en\/cotizaciones\/","og_site_name":"LOGISTICA SILES","article_modified_time":"2022-07-03T22:35:03+00:00","twitter_card":"summary_large_image","twitter_misc":{"Est. reading time":"2 minutes"},"schema":{"@context":"https:\/\/schema.org","@graph":[{"@type":"WebPage","@id":"https:\/\/logisticasiles.com\/cotizaciones\/","url":"https:\/\/logisticasiles.com\/cotizaciones\/","name":"Solicita una Cotizacion | LOGISTICA SILES","isPartOf":{"@id":"https:\/\/logisticasiles.com\/#website"},"datePublished":"2015-12-02T10:34:15+00:00","dateModified":"2022-07-03T22:35:03+00:00","breadcrumb":{"@id":"https:\/\/logisticasiles.com\/cotizaciones\/#breadcrumb"},"inLanguage":"en-US","potentialAction":[{"@type":"ReadAction","target":["https:\/\/logisticasiles.com\/cotizaciones\/"]}]},{"@type":"BreadcrumbList","@id":"https:\/\/logisticasiles.com\/cotizaciones\/#breadcrumb","itemListElement":[{"@type":"ListItem","position":1,"name":"Inicio","item":"https:\/\/logisticasiles.com\/"},{"@type":"ListItem","position":2,"name":"Solicita una Cotizacion"}]},{"@type":"WebSite","@id":"https:\/\/logisticasiles.com\/#website","url":"https:\/\/logisticasiles.com\/","name":"LOGISTICA SILES","description":"Servicio de fletes, cruces fronterizos, repartos y log\u00edstica en Tijuana, todo M\u00e9xico y USA.","publisher":{"@id":"https:\/\/logisticasiles.com\/#organization"},"potentialAction":[{"@type":"SearchAction","target":{"@type":"EntryPoint","urlTemplate":"https:\/\/logisticasiles.com\/?s={search_term_string}"},"query-input":{"@type":"PropertyValueSpecification","valueRequired":true,"valueName":"search_term_string"}}],"inLanguage":"en-US"},{"@type":"Organization","@id":"https:\/\/logisticasiles.com\/#organization","name":"Logistica SILES","url":"https:\/\/logisticasiles.com\/","logo":{"@type":"ImageObject","inLanguage":"en-US","@id":"https:\/\/logisticasiles.com\/#\/schema\/logo\/image\/","url":"https:\/\/logisticasiles.com\/wp-content\/uploads\/2021\/10\/cropped-Siles2Web-1.gif","contentUrl":"https:\/\/logisticasiles.com\/wp-content\/uploads\/2021\/10\/cropped-Siles2Web-1.gif","width":512,"height":512,"caption":"Logistica SILES"},"image":{"@id":"https:\/\/logisticasiles.com\/#\/schema\/logo\/image\/"}}]}},"_links":{"self":[{"href":"https:\/\/logisticasiles.com\/en\/wp-json\/wp\/v2\/pages\/899","targetHints":{"allow":["GET"]}}],"collection":[{"href":"https:\/\/logisticasiles.com\/en\/wp-json\/wp\/v2\/pages"}],"about":[{"href":"https:\/\/logisticasiles.com\/en\/wp-json\/wp\/v2\/types\/page"}],"author":[{"embeddable":true,"href":"https:\/\/logisticasiles.com\/en\/wp-json\/wp\/v2\/users\/1"}],"replies":[{"embeddable":true,"href":"https:\/\/logisticasiles.com\/en\/wp-json\/wp\/v2\/comments?post=899"}],"version-history":[{"count":6,"href":"https:\/\/logisticasiles.com\/en\/wp-json\/wp\/v2\/pages\/899\/revisions"}],"predecessor-version":[{"id":1642,"href":"https:\/\/logisticasiles.com\/en\/wp-json\/wp\/v2\/pages\/899\/revisions\/1642"}],"wp:attachment":[{"href":"https:\/\/logisticasiles.com\/en\/wp-json\/wp\/v2\/media?parent=899"}],"curies":[{"name":"wp","href":"https:\/\/api.w.org\/{rel}","templated":true}]}}